{"id":1130,"date":"2019-09-30T13:54:19","date_gmt":"2019-09-30T12:54:19","guid":{"rendered":"http:\/\/www.criljmp.fr\/wordpress\/?page_id=1130"},"modified":"2024-10-17T16:54:05","modified_gmt":"2024-10-17T15:54:05","slug":"page-d-accueil","status":"publish","type":"page","link":"http:\/\/www.criljmp.fr\/wordpress\/page-d-accueil\/","title":{"rendered":"Le CRILJ c&rsquo;est quoi ?"},"content":{"rendered":"\n\n<p><a href=\"http:\/\/www.criljmp.fr\/wordpress\/wp-content\/uploads\/2021\/02\/Info-CRILJ-Facebook-e1614531606458.jpg\"><img loading=\"lazy\" decoding=\"async\" class=\"size-medium wp-image-3148 aligncenter\" src=\"http:\/\/www.criljmp.fr\/wordpress\/wp-content\/uploads\/2021\/02\/Info-CRILJ-Facebook-e1614531606458-300x289.jpg\" alt=\"\" width=\"300\" height=\"289\" srcset=\"http:\/\/www.criljmp.fr\/wordpress\/wp-content\/uploads\/2021\/02\/Info-CRILJ-Facebook-e1614531606458-300x289.jpg 300w, http:\/\/www.criljmp.fr\/wordpress\/wp-content\/uploads\/2021\/02\/Info-CRILJ-Facebook-e1614531606458-768x740.jpg 768w, http:\/\/www.criljmp.fr\/wordpress\/wp-content\/uploads\/2021\/02\/Info-CRILJ-Facebook-e1614531606458.jpg 917w\" sizes=\"auto, (max-width: 300px) 100vw, 300px\" \/><\/a><span data-offset-key=\"7c1ki-0-0\">Quand<\/span><span data-offset-key=\"7c1ki-1-0\"> on demande \u00e0 des personnes si elles connaissent le CRILJ, celles-ci nous r\u00e9pondent : \u00ab\u00a0NON, c&rsquo;est quoi ?\u00a0\u00bb&#8230;<\/span><\/p>\n<div data-contents=\"true\">\n<div class=\"\" data-block=\"true\" data-editor=\"7giee\" data-offset-key=\"eouga-0-0\">\n<div class=\"_1mf _1mj\" data-offset-key=\"eouga-0-0\"><span data-offset-key=\"eouga-0-0\">Du coup, un petit post (enfin plut\u00f4t long !!!) s&rsquo;imposait et vous pouvez partager !<\/span><\/div>\n<\/div>\n<div class=\"\" data-block=\"true\" data-editor=\"7giee\" data-offset-key=\"2p8g6-0-0\">\n<div class=\"_1mf _1mj\" data-offset-key=\"2p8g6-0-0\"><span data-offset-key=\"2p8g6-0-0\">Le CRILJ, c&rsquo;est le Centre de Recherche et d&rsquo;Information sur la Litt\u00e9rature pour la Jeunesse.<\/span><\/div>\n<\/div>\n<div class=\"\" data-block=\"true\" data-editor=\"7giee\" data-offset-key=\"76is5-0-0\">\n<div class=\"_1mf _1mj\" data-offset-key=\"76is5-0-0\"><span data-offset-key=\"76is5-0-0\">Cette association muretaine \u0153uvre \u00e0 la promotion d&rsquo;une litt\u00e9rature plurielle et diversifi\u00e9e porteuse :<\/span><\/div>\n<\/div>\n<div class=\"\" data-block=\"true\" data-editor=\"7giee\" data-offset-key=\"3708t-0-0\">\n<div class=\"_1mf _1mj\" data-offset-key=\"3708t-0-0\"><span data-offset-key=\"3708t-0-0\">\u2013 d\u2019une esth\u00e9tique suscitant plaisir, questionnement et \u00e9motion<\/span><\/div>\n<\/div>\n<div class=\"\" data-block=\"true\" data-editor=\"7giee\" data-offset-key=\"5qrae-0-0\">\n<div class=\"_1mf _1mj\" data-offset-key=\"5qrae-0-0\"><span data-offset-key=\"5qrae-0-0\">\u2013 de valeurs humanistes fond\u00e9es sur l\u2019acc\u00e8s de tous \u00e0 la culture, le respect des diff\u00e9rences et le d\u00e9veloppement du libre arbitre<\/span><\/div>\n<\/div>\n<div class=\"\" data-block=\"true\" data-editor=\"7giee\" data-offset-key=\"52j1k-0-0\">\n<div class=\"_1mf _1mj\" data-offset-key=\"52j1k-0-0\"><span data-offset-key=\"52j1k-0-0\">\u00a0<\/span><\/div>\n<\/div>\n<div class=\"\" data-block=\"true\" data-editor=\"7giee\" data-offset-key=\"8ei6m-0-0\">\n<div class=\"_1mf _1mj\" data-offset-key=\"8ei6m-0-0\"><span data-offset-key=\"8ei6m-0-0\">Que fait le CRILJ ?<\/span><\/div>\n<\/div>\n<div class=\"\" data-block=\"true\" data-editor=\"7giee\" data-offset-key=\"76i34-0-0\">\n<div class=\"_1mf _1mj\" data-offset-key=\"76i34-0-0\"><span data-offset-key=\"76i34-0-0\">Il est passeur de litt\u00e9rature.<\/span><\/div>\n<\/div>\n<div class=\"\" data-block=\"true\" data-editor=\"7giee\" data-offset-key=\"bsffh-0-0\">\n<div class=\"_1mf _1mj\" data-offset-key=\"bsffh-0-0\"><span data-offset-key=\"bsffh-0-0\">Il est partenaire de rencontres, de projets, d&rsquo;actions.<\/span><\/div>\n<\/div>\n<div class=\"\" data-block=\"true\" data-editor=\"7giee\" data-offset-key=\"2lg4i-0-0\">\n<div class=\"_1mf _1mj\" data-offset-key=\"2lg4i-0-0\"><span data-offset-key=\"2lg4i-0-0\">Il est acteur de veille litt\u00e9raire. <\/span><\/div>\n<\/div>\n<div class=\"\" data-block=\"true\" data-editor=\"7giee\" data-offset-key=\"dtg3r-0-0\">\n<div class=\"_1mf _1mj\" data-offset-key=\"dtg3r-0-0\"><span data-offset-key=\"dtg3r-0-0\">\u00a0<\/span><\/div>\n<\/div>\n<div class=\"\" data-block=\"true\" data-editor=\"7giee\" data-offset-key=\"77l42-0-0\">\n<div class=\"_1mf _1mj\" data-offset-key=\"77l42-0-0\"><span data-offset-key=\"77l42-0-0\">Qui peut venir au CRILJ ?<\/span><\/div>\n<\/div>\n<div class=\"\" data-block=\"true\" data-editor=\"7giee\" data-offset-key=\"1k26n-0-0\">\n<div class=\"_1mf _1mj\" data-offset-key=\"1k26n-0-0\"><span data-offset-key=\"1k26n-0-0\">Toutes les personnes qui travaillent aupr\u00e8s d&rsquo;enfants (petits et grands) : les enseignants, les animateurs (CLSH, ALAE&#8230;), les professionnels de la petite enfance&#8230;<\/span><\/div>\n<\/div>\n<div class=\"\" data-block=\"true\" data-editor=\"7giee\" data-offset-key=\"5c4hj-0-0\">\n<div class=\"_1mf _1mj\" data-offset-key=\"5c4hj-0-0\"><span data-offset-key=\"5c4hj-0-0\">Et bien s\u00fbr tous les curieux qui veulent aider \u00e0 promouvoir la litt\u00e9rature jeunesse en devenant b\u00e9n\u00e9voles !!!<\/span><\/div>\n<\/div>\n<div class=\"\" data-block=\"true\" data-editor=\"7giee\" data-offset-key=\"c2mf7-0-0\">\n<div class=\"_1mf _1mj\" data-offset-key=\"c2mf7-0-0\"><span data-offset-key=\"c2mf7-0-0\">\u00a0<\/span><\/div>\n<\/div>\n<div class=\"\" data-block=\"true\" data-editor=\"7giee\" data-offset-key=\"4qa2k-0-0\">\n<div class=\"_1mf _1mj\" data-offset-key=\"4qa2k-0-0\"><span data-offset-key=\"4qa2k-0-0\">Vous trouverez toutes les infos sur le flyer joint \u00e0 ce post !<\/span><\/div>\n<\/div>\n<div class=\"\" data-block=\"true\" data-editor=\"7giee\" data-offset-key=\"8rfe4-0-0\">\n<div class=\"_1mf _1mj\" data-offset-key=\"8rfe4-0-0\"><span data-offset-key=\"8rfe4-0-0\">\u00a0<\/span><\/div>\n<\/div>\n<div class=\"\" data-block=\"true\" data-editor=\"7giee\" data-offset-key=\"eboev-0-0\">\n<div class=\"_1mf _1mj\" data-offset-key=\"eboev-0-0\"><span data-offset-key=\"eboev-0-0\">Si vous avez d&rsquo;autres questions, n&rsquo;h\u00e9sitez pas \u00e0 contacter Evelyne et Martine au 09 51 29 79 72, elles vous r\u00e9pondront avec plaisir !<\/span><\/div>\n<\/div>\n<\/div>\n<h2><strong><span style=\"color: #000080;\">Et voici notre flyer !<\/span><\/strong><\/h2>\n<p><a href=\"http:\/\/www.criljmp.fr\/wordpress\/wp-content\/uploads\/2024\/10\/page01-14-scaled.jpg\"><img loading=\"lazy\" decoding=\"async\" class=\"alignnone size-full wp-image-4141\" src=\"http:\/\/www.criljmp.fr\/wordpress\/wp-content\/uploads\/2024\/10\/page01-14-scaled.jpg\" alt=\"\" width=\"2560\" height=\"1810\" srcset=\"http:\/\/www.criljmp.fr\/wordpress\/wp-content\/uploads\/2024\/10\/page01-14-scaled.jpg 2560w, http:\/\/www.criljmp.fr\/wordpress\/wp-content\/uploads\/2024\/10\/page01-14-300x212.jpg 300w, http:\/\/www.criljmp.fr\/wordpress\/wp-content\/uploads\/2024\/10\/page01-14-1024x724.jpg 1024w, http:\/\/www.criljmp.fr\/wordpress\/wp-content\/uploads\/2024\/10\/page01-14-768x543.jpg 768w, http:\/\/www.criljmp.fr\/wordpress\/wp-content\/uploads\/2024\/10\/page01-14-1536x1086.jpg 1536w, http:\/\/www.criljmp.fr\/wordpress\/wp-content\/uploads\/2024\/10\/page01-14-2048x1448.jpg 2048w\" sizes=\"auto, (max-width: 2560px) 100vw, 2560px\" \/><\/a><\/p>\n<p><a href=\"http:\/\/www.criljmp.fr\/wordpress\/wp-content\/uploads\/2024\/10\/page02-scaled.jpg\"><img loading=\"lazy\" decoding=\"async\" class=\"alignnone size-full wp-image-4142\" src=\"http:\/\/www.criljmp.fr\/wordpress\/wp-content\/uploads\/2024\/10\/page02-scaled.jpg\" alt=\"\" width=\"2560\" height=\"1810\" srcset=\"http:\/\/www.criljmp.fr\/wordpress\/wp-content\/uploads\/2024\/10\/page02-scaled.jpg 2560w, http:\/\/www.criljmp.fr\/wordpress\/wp-content\/uploads\/2024\/10\/page02-300x212.jpg 300w, http:\/\/www.criljmp.fr\/wordpress\/wp-content\/uploads\/2024\/10\/page02-1024x724.jpg 1024w, http:\/\/www.criljmp.fr\/wordpress\/wp-content\/uploads\/2024\/10\/page02-768x543.jpg 768w, http:\/\/www.criljmp.fr\/wordpress\/wp-content\/uploads\/2024\/10\/page02-1536x1086.jpg 1536w, http:\/\/www.criljmp.fr\/wordpress\/wp-content\/uploads\/2024\/10\/page02-2048x1448.jpg 2048w\" sizes=\"auto, (max-width: 2560px) 100vw, 2560px\" \/><\/a><\/p>\n<p>\u00a0<\/p>\n<p>\u00a0<\/p>\n<p>\u00a0<\/p>","protected":false},"excerpt":{"rendered":"<p>Quand on demande \u00e0 des personnes si elles connaissent le CRILJ, celles-ci nous r\u00e9pondent : \u00ab\u00a0NON, c&rsquo;est quoi ?\u00a0\u00bb&#8230; Du coup, un petit post (enfin plut\u00f4t long !!!) s&rsquo;imposait et vous pouvez partager ! Le CRILJ, c&rsquo;est le Centre de &hellip; <a href=\"http:\/\/www.criljmp.fr\/wordpress\/page-d-accueil\/\">Continuer la lecture <span class=\"meta-nav\">&rarr;<\/span><\/a><\/p>\n","protected":false},"author":2,"featured_media":0,"parent":0,"menu_order":0,"comment_status":"closed","ping_status":"closed","template":"","meta":{"footnotes":""},"class_list":["post-1130","page","type-page","status-publish","hentry"],"_links":{"self":[{"href":"http:\/\/www.criljmp.fr\/wordpress\/wp-json\/wp\/v2\/pages\/1130","targetHints":{"allow":["GET"]}}],"collection":[{"href":"http:\/\/www.criljmp.fr\/wordpress\/wp-json\/wp\/v2\/pages"}],"about":[{"href":"http:\/\/www.criljmp.fr\/wordpress\/wp-json\/wp\/v2\/types\/page"}],"author":[{"embeddable":true,"href":"http:\/\/www.criljmp.fr\/wordpress\/wp-json\/wp\/v2\/users\/2"}],"replies":[{"embeddable":true,"href":"http:\/\/www.criljmp.fr\/wordpress\/wp-json\/wp\/v2\/comments?post=1130"}],"version-history":[{"count":12,"href":"http:\/\/www.criljmp.fr\/wordpress\/wp-json\/wp\/v2\/pages\/1130\/revisions"}],"predecessor-version":[{"id":4143,"href":"http:\/\/www.criljmp.fr\/wordpress\/wp-json\/wp\/v2\/pages\/1130\/revisions\/4143"}],"wp:attachment":[{"href":"http:\/\/www.criljmp.fr\/wordpress\/wp-json\/wp\/v2\/media?parent=1130"}],"curies":[{"name":"wp","href":"https:\/\/api.w.org\/{rel}","templated":true}]}}